{"id":9,"date":"2020-10-20T17:55:10","date_gmt":"2020-10-20T17:55:10","guid":{"rendered":"http:\/\/www.juliacastro.com\/web\/?page_id=9"},"modified":"2020-10-20T21:18:00","modified_gmt":"2020-10-20T21:18:00","slug":"traducao-idiomas-portugues-e-ingles","status":"publish","type":"page","link":"http:\/\/www.juliacastro.com\/web\/","title":{"rendered":"Home"},"content":{"rendered":"<section id=\"builder-section-banner_51\" class=\"builder-section-first builder-section builder-section-banner builder-section-next-text\" style=\"background-size: cover; background-repeat: no-repeat;background-position: center center;\">\n<div class=\"builder-section-content\">\n<div class=\"builder-banner-slide content-position-none\" style=\"background-image: url(&#039;http:\/\/www.juliacastro.com\/web\/wp-content\/uploads\/2020\/10\/joao-tzanno-BxoaHOKCD_Q-unsplash-1.jpg&#039;);\">\n<div class=\"builder-banner-content\">\n<div class=\"builder-banner-inner-content\">\n\t\t\t\t\t\t\t\t\t<\/div>\n<\/p><\/div>\n<\/p><\/div>\n<\/p><\/div>\n<\/section>\n<section id=\"builder-section-text_65\" class=\"builder-section-prev-banner builder-section builder-section-text builder-section-next-banner builder-text-columns-3 layout-4-8\" style=\"background-size: cover; background-repeat: no-repeat;background-position: center center;\">\n<h3 class=\"builder-text-section-title\">\n        Tradu\u00e7\u00e3o nos idiomas portugu\u00eas e ingl\u00eas    <\/h3>\n<div class=\"builder-section-content\">\n<div class=\"builder-text-row\">\n<div class=\"builder-text-column builder-text-column-1\" id=\"builder-section-text_65-column-1\">\n<div class=\"builder-text-content\">\n<figure id=\"attachment_20\" aria-describedby=\"caption-attachment-20\" style=\"width: 180px\" class=\"wp-caption alignnone\"><img loading=\"lazy\" decoding=\"async\" src=\"http:\/\/www.juliacastro.com\/web\/wp-content\/uploads\/2020\/10\/Julia_Castro-2020-180x300.jpg\" alt=\"JULIA CASTRO, TRADUTORA E INT\u00c9RPRETE\" width=\"180\" height=\"300\" class=\"size-medium wp-image-20\" srcset=\"http:\/\/www.juliacastro.com\/web\/wp-content\/uploads\/2020\/10\/Julia_Castro-2020-180x300.jpg 180w, http:\/\/www.juliacastro.com\/web\/wp-content\/uploads\/2020\/10\/Julia_Castro-2020.jpg 401w\" sizes=\"auto, (max-width: 180px) 100vw, 180px\" \/><figcaption id=\"caption-attachment-20\" class=\"wp-caption-text\">JULIA CASTRO,<br \/> TRADUTORA E INT\u00c9RPRETE<\/figcaption><\/figure>\n<\/p><\/div>\n<\/p><\/div>\n<div class=\"builder-text-column builder-text-column-2\" id=\"builder-section-text_65-column-2\">\n<div class=\"builder-text-content\">\n<p>Temos o prazer de apresentar-lhes nossos servi\u00e7os de tradu\u00e7\u00e3o e vers\u00e3o, nos idiomas <a href=\"http:\/\/www.juliacastro.com\/web\/\"><strong>portugu\u00eas e ingl\u00eas<\/strong><\/a>, de documentos nas \u00e1reas:<\/p>\n<ul>\n<li>jur\u00eddica,<\/li>\n<li>banc\u00e1ria,<\/li>\n<li>econ\u00f4mica,<\/li>\n<li>t\u00e9cnica e comercial,<\/li>\n<\/ul>\n<p>bem como de interpreta\u00e7\u00e3o, em reuni\u00f5es de car\u00e1ter negocial e t\u00e9cnico.<\/p>\n<p>Julia Castro e advogada formada pela Pontif\u00edcia Universidade Cat\u00f3lica de S\u00e3o Paulo.<\/p>\n<p>Diploma Oxford, &#8220;com honras&#8221;, concedido pela Universidade de Oxford, Inglaterra, por meio da Sociedade Brasileira de Cultura Inglesa, SP, Brasil.<\/p>\n<\/p><\/div>\n<\/p><\/div>\n<div class=\"builder-text-column builder-text-column-3\" id=\"builder-section-text_65-column-3\">\n<div class=\"builder-text-content\">\n<p>15 anos de experi\u00eancia como advogada nas \u00e1reas de Direito Internacional Privado e Propriedade Intelectual, incluindo:<\/p>\n<ul>\n<li>contratos internacionais,<\/li>\n<li>inform\u00e1tica,<\/li>\n<li>telecomunica\u00e7\u00f5es,<\/li>\n<li>agribusiness,<\/li>\n<li>t\u00eaxtil e alimentos,<\/li>\n<li>bancos e institui\u00e7\u00f5es financeiras,<\/li>\n<li>privatiza\u00e7\u00e3o dos setores de telecomunica\u00e7\u00f5es,<\/li>\n<li>energia e g\u00e1s,<\/li>\n<li>farmac\u00eautica,<\/li>\n<li>publicidade e propaganda,<\/li>\n<li>equipamentos industriais,<\/li>\n<li>licita\u00e7\u00f5es p\u00fablicas e<\/li>\n<li>presta\u00e7\u00e3o de servi\u00e7os.<\/li>\n<\/ul>\n<p>10 anos de experi\u00eancia como tradutora e int\u00e9rprete, trabalhando com escrit\u00f3rios de advocacia brasileiros e estrangeiros, empresas europ\u00e9ias e dos Estados Unidos.<\/p>\n<\/p><\/div>\n<\/p><\/div>\n<\/p><\/div>\n<\/p><\/div>\n<\/section>\n<section id=\"builder-section-banner_91\" class=\"builder-section-prev-text builder-section builder-section-banner builder-section-next-text\" style=\"background-size: cover; background-repeat: no-repeat;background-position: center center;\">\n<div class=\"builder-section-content\">\n<div class=\"builder-banner-slide content-position-none\" style=\"background-image: url(&#039;http:\/\/www.juliacastro.com\/web\/wp-content\/uploads\/2020\/10\/romain-vignes-ywqa9IZB-dU-unsplash-scaled.jpg&#039;);\">\n<div class=\"builder-banner-content\">\n<div class=\"builder-banner-inner-content\">\n\t\t\t\t\t\t\t\t\t<\/div>\n<\/p><\/div>\n<\/p><\/div>\n<\/p><\/div>\n<\/section>\n<section id=\"builder-section-text_105\" class=\"builder-section-prev-banner builder-section builder-section-text builder-section-last has-background builder-text-columns-2 layout-6\" style=\"background-color:#6db1ed;background-size: cover; background-repeat: no-repeat;background-position: center center;\">\n<h3 class=\"builder-text-section-title\">\n        Mais Informa\u00e7\u00f5es    <\/h3>\n<div class=\"builder-section-content\">\n<div class=\"builder-text-row\">\n<div class=\"builder-text-column builder-text-column-1\" id=\"builder-section-text_105-column-1\">\n<div class=\"builder-text-content\">\n<div id=\"r1-1\" class=\"result results_links_deep highlight_d result--url-above-snippet highlight\" data-domain=\"translated.com\" data-hostname=\"translated.com\" data-nir=\"1\">\n<div class=\"result__body links_main links_deep\">\n<div class=\"result__snippet js-result-snippet\">\n<p>Por favor entre em contato caso queira saber mais sobre nossos servi\u00e7os de tradu\u00e7\u00e3o nos idiomas portugu\u00eas e ingl\u00eas ou pedir um or\u00e7amento.<\/p>\n<p>Nos estamos dispon\u00edvel via e-mail:<\/p>\n<\/div>\n<\/div>\n<\/div>\n<p><em>juliacastro (at) gmail (dot) com<\/em><\/p>\n<p>e o formul\u00e1rio de contato. Obrigado.<\/p>\n<\/p><\/div>\n<\/p><\/div>\n<div class=\"builder-text-column builder-text-column-2\" id=\"builder-section-text_105-column-2\">\n<div class=\"builder-text-content\">\n\t\t\t<link rel=\"stylesheet\" property=\"stylesheet\" href=\"http:\/\/www.juliacastro.com\/web\/wp-content\/plugins\/happyforms\/bundles\/css\/frontend.css\" \/>\n\t\t\t\t<!-- HappyForms CSS variables -->\n\t<style>\n\t#happyforms-7 {\n\t\t--happyforms-part-title-font-size: 16px;\n--happyforms-part-description-font-size: 14px;\n--happyforms-part-value-font-size: 16px;\n--happyforms-submit-button-font-size: 16px;\n--happyforms-color-primary: #ffffff;\n--happyforms-color-success-notice: #ebf9f0;\n--happyforms-color-success-notice-text: #1eb452;\n--happyforms-color-error: #f23000;\n--happyforms-color-error-notice: #ffeeea;\n--happyforms-color-error-notice-text: #f23000;\n--happyforms-color-part-title: #ffffff;\n--happyforms-color-part-value: #000000;\n--happyforms-color-part-placeholder: #888888;\n--happyforms-color-part-description: #454545;\n--happyforms-color-part-border: #dbdbdb;\n--happyforms-color-part-border-focus: #7aa4ff;\n--happyforms-color-part-background: #ffffff;\n--happyforms-color-part-background-focus: #ffffff;\n--happyforms-color-submit-background: #113770;\n--happyforms-color-submit-background-hover: #15408c;\n--happyforms-color-submit-border: transparent;\n--happyforms-color-submit-text: #ffffff;\n--happyforms-color-submit-text-hover: #ffffff;\n--happyforms-color-table-row-odd: #fcfcfc;\n--happyforms-color-table-row-even: #efefef;\n--happyforms-color-table-row-odd-text: #000000;\n--happyforms-color-table-row-even-text: #000000;\n--happyforms-color-dropdown-item-bg: #ffffff;\n--happyforms-color-dropdown-item-text: #000000;\n--happyforms-color-dropdown-item-bg-hover: #f4f4f5;\n--happyforms-color-dropdown-item-text-hover: #000000;\n--happyforms-color-divider-hr: #cccccc;\n--happyforms-color-choice-checkmark-bg: #ffffff;\n--happyforms-color-choice-checkmark-bg-focus: #000000;\n--happyforms-color-choice-checkmark-color: #ffffff;\n\t}\n\t<\/style>\n\t<!-- End of HappyForms CSS variables -->\n\t\t<!-- HappyForms Additional CSS -->\n\t<style data-happyforms-additional-css>\n\t\t<\/style>\n\t<!-- End of HappyForms Additional CSS -->\n\t\t\t<link rel=\"stylesheet\" type=\"text\/css\" href=\"http:\/\/www.juliacastro.com\/web\/wp-content\/plugins\/happyforms\/core\/assets\/css\/no-interaction.css\">\n\t\t<div class=\"happyforms-form happyforms-styles\" id=\"happyforms-7\">\n\t\t\n\t<form action=\"\" id=\"happyforms-form-7\" method=\"post\" novalidate=\"true\" autocomplete=\"off\">\n\t\t\t\t<input type=\"hidden\" name=\"happyforms_random_seed\" value=\"3066073743\" \/>\n\t\t\n\t\t\t<input type=\"hidden\" name=\"action\" value=\"happyforms_message\">\n\t\t\t\t<input type=\"hidden\" name=\"client_referer\" value=\"\">\n\t\t\t\t<input type=\"hidden\" name=\"current_post_id\" value=\"\">\n\t\t\t\t<input type=\"hidden\" name=\"happyforms_form_id\" value=\"7\" \/>\n\t\t\t\t<input type=\"hidden\" name=\"happyforms_step\" value=\"0\" \/>\n\t\n\t\t<div class=\"happyforms-flex\">\n\t\t\t\t<label for=\"7-single_line_text\" class=\"screen-reader-text\">Leave this field blank<\/label>\n\t<input type=\"text\" id=\"7-single_line_text\" name=\"7-single_line_text\" style=\"display: none;\" tabindex=\"-1\" autocomplete=\"off\" aria-hidden=\"true\">\n\t\t\t\t\t\t\t\t\t\t<div class=\"happyforms-form__part happyforms-part happyforms-part--single_line_text happyforms-part--width-half happyforms-part--label-\" id=\"happyforms-7_single_line_text_0-part\" data-happyforms-type=\"single_line_text\" data-happyforms-id=\"single_line_text_0\" data-happyforms-required=\"\">\n\t<div class=\"happyforms-part-wrap\">\n\t\t\n\t\t\t\t\t\t<div class=\"happyforms-part__label-container\">\n\t\t\t\t<label for=\"happyforms-7_single_line_text_0\" class=\"happyforms-part__label\">\n\t\t\t<span class=\"label\">Nome<\/span>\n\t\t\t\t\t\t\t\t\t\t<span class=\"happyforms-required\"><\/span>\n\t\t\t\t\t\t\t\t\t\t<span class=\"happyforms-optional\">(optional)<\/span>\n\t\t\t\t\t<\/label>\n\t\t\t<\/div>\n\t\t\t\n\t\t\n\t\t<div class=\"happyforms-part__el\">\n\t\t\t\n\t\t\t\n\t\t\t<div class=\"happyforms-input\">\n\t\t\t\t\n\t\t\t\t<input id=\"happyforms-7_single_line_text_0\" type=\"text\" name=\"7_single_line_text_0\" value=\"\" placeholder=\"\" autocomplete=\"off\" spellcheck=\"false\"  autocorrect=\"off\" \/>\n\t\t\t\t\t\t\t<\/div>\n\n\t\t\t\n\t\t\t\n\t\t\t\t\t<\/div>\n\t<\/div>\n<\/div>\n<div class=\"happyforms-form__part happyforms-part happyforms-part--single_line_text happyforms-part--width-half happyforms-part--label-\" id=\"happyforms-7_single_line_text_1-part\" data-happyforms-type=\"single_line_text\" data-happyforms-id=\"single_line_text_1\" data-happyforms-required=\"\">\n\t<div class=\"happyforms-part-wrap\">\n\t\t\n\t\t\t\t\t\t<div class=\"happyforms-part__label-container\">\n\t\t\t\t<label for=\"happyforms-7_single_line_text_1\" class=\"happyforms-part__label\">\n\t\t\t<span class=\"label\">Sobrenome<\/span>\n\t\t\t\t\t\t\t\t\t\t<span class=\"happyforms-required\"><\/span>\n\t\t\t\t\t\t\t\t\t\t<span class=\"happyforms-optional\">(optional)<\/span>\n\t\t\t\t\t<\/label>\n\t\t\t<\/div>\n\t\t\t\n\t\t\n\t\t<div class=\"happyforms-part__el\">\n\t\t\t\n\t\t\t\n\t\t\t<div class=\"happyforms-input\">\n\t\t\t\t\n\t\t\t\t<input id=\"happyforms-7_single_line_text_1\" type=\"text\" name=\"7_single_line_text_1\" value=\"\" placeholder=\"\" autocomplete=\"off\" spellcheck=\"false\"  autocorrect=\"off\" \/>\n\t\t\t\t\t\t\t<\/div>\n\n\t\t\t\n\t\t\t\n\t\t\t\t\t<\/div>\n\t<\/div>\n<\/div>\n<div class=\"happyforms-part--with-autocomplete happyforms-form__part happyforms-part happyforms-part--email happyforms-part--width-full happyforms-part--label-\" id=\"happyforms-7_email_5-part\" data-happyforms-type=\"email\" data-happyforms-id=\"email_5\" data-happyforms-required=\"\">\n\t\t<div class=\"happyforms-part-wrap\">\n\t\t\t\t\t\t<div class=\"happyforms-part__label-container\">\n\t\t\t\t<label for=\"happyforms-7_email_5\" class=\"happyforms-part__label\">\n\t\t\t<span class=\"label\">Seu Email<\/span>\n\t\t\t\t\t\t\t\t\t\t<span class=\"happyforms-required\"><\/span>\n\t\t\t\t\t\t\t\t\t\t<span class=\"happyforms-optional\">(optional)<\/span>\n\t\t\t\t\t<\/label>\n\t\t\t<\/div>\n\t\t\t\n\t\t\n\t\t<div class=\"happyforms-part__el\">\n\t\t\t\n\t\t\t\n\t\t\t<div class=\"happyforms-input\">\n\t\t\t\t<input type=\"email\" name=\"7_email_5\" id=\"happyforms-7_email_5\" value=\"\" placeholder=\"\" autocomplete=\"off\" spellcheck=\"false\"  autocorrect=\"off\" \/>\n\t\t\t\t\t\t\t<\/div>\n\n\t\t\t\n\t\t\t\n\t\t\t\t\t<\/div>\n\t<\/div>\n<\/div>\n<div class=\"happyforms-form__part happyforms-part happyforms-part--multi_line_text happyforms-part--width-full happyforms-part--label-\" id=\"happyforms-7_multi_line_text_4-part\" data-happyforms-type=\"multi_line_text\" data-happyforms-id=\"multi_line_text_4\" data-happyforms-required=\"\">\n\t<div class=\"happyforms-part-wrap\">\n\t\t\t\t\t\t<div class=\"happyforms-part__label-container\">\n\t\t\t\t<label for=\"happyforms-7_multi_line_text_4\" class=\"happyforms-part__label\">\n\t\t\t<span class=\"label\">Sua Mensagem<\/span>\n\t\t\t\t\t\t\t\t\t\t<span class=\"happyforms-required\"><\/span>\n\t\t\t\t\t\t\t\t\t\t<span class=\"happyforms-optional\">(optional)<\/span>\n\t\t\t\t\t<\/label>\n\t\t\t<\/div>\n\t\t\t\n\t\t\n\t\t<div class=\"happyforms-part__el\">\n\t\t\t\n\t\t\t\t\t\t<textarea id=\"happyforms-7_multi_line_text_4\" name=\"7_multi_line_text_4\" rows=\"5\" placeholder=\"\" autocomplete=\"off\" spellcheck=\"false\" autocorrect=\"off\" ><\/textarea>\n\t\t\t\n\t\t\t\n\t\t\t\t\t<\/div>\n\t<\/div>\n<\/div>\n\t\t\t\t\t\t<div class=\"happyforms-form__part happyforms-part happyforms-part--submit\">\n\t\t<button type=\"submit\" class=\"happyforms-submit happyforms-button--submit \">Enviar<\/button>\n\t<\/div>\t\t<\/div>\n\n\t\t\t<\/form>\n\n\t<\/div>\n\n<\/p><\/div>\n<\/p><\/div>\n<\/p><\/div>\n<\/p><\/div>\n<\/section>\n","protected":false},"excerpt":{"rendered":"<p>Tradu\u00e7\u00e3o nos idiomas portugu\u00eas e ingl\u00eas Temos o prazer de apresentar-lhes nossos servi\u00e7os de tradu\u00e7\u00e3o e vers\u00e3o, nos idiomas portugu\u00eas e ingl\u00eas, de documentos nas \u00e1reas: jur\u00eddica, banc\u00e1ria, econ\u00f4mica, t\u00e9cnica e comercial, bem como de interpreta\u00e7\u00e3o, em reuni\u00f5es de car\u00e1ter negocial e t\u00e9cnico. Julia Castro e advogada formada pela Pontif\u00edcia Universidade Cat\u00f3lica de S\u00e3o Paulo. &hellip;<\/p>\n","protected":false},"author":1,"featured_media":0,"parent":0,"menu_order":0,"comment_status":"closed","ping_status":"closed","template":"template-builder.php","meta":{"inline_featured_image":false,"footnotes":""},"class_list":["post-9","page","type-page","status-publish","hentry"],"yoast_head":"<title>Tradu\u00e7\u00e3o idiomas portugu\u00eas ingl\u00eas - Julia Castro - Sao Paulo, Brasil<\/title>\n<meta name=\"description\" content=\"Servi\u00e7os de tradu\u00e7\u00e3o idiomas portugu\u00eas ingl\u00eas, de documentos nas \u00e1reas: jur\u00eddica, banc\u00e1ria, econ\u00f4mica, t\u00e9cnica e comercial.\" \/>\n<meta name=\"robots\" content=\"index, follow, max-snippet:-1, max-image-preview:large, max-video-preview:-1\" \/>\n<link rel=\"canonical\" href=\"http:\/\/www.juliacastro.com\/web\/\" \/>\n<meta property=\"og:locale\" content=\"en_US\" \/>\n<meta property=\"og:type\" content=\"article\" \/>\n<meta property=\"og:title\" content=\"Tradu\u00e7\u00e3o idiomas portugu\u00eas ingl\u00eas - Julia Castro - Sao Paulo, Brasil\" \/>\n<meta property=\"og:description\" content=\"Servi\u00e7os de tradu\u00e7\u00e3o idiomas portugu\u00eas ingl\u00eas, de documentos nas \u00e1reas: jur\u00eddica, banc\u00e1ria, econ\u00f4mica, t\u00e9cnica e comercial.\" \/>\n<meta property=\"og:url\" content=\"http:\/\/www.juliacastro.com\/web\/\" \/>\n<meta property=\"og:site_name\" content=\"Julia Pacheco de Castro\" \/>\n<meta property=\"article:modified_time\" content=\"2020-10-20T21:18:00+00:00\" \/>\n<meta property=\"og:image\" content=\"http:\/\/www.juliacastro.com\/web\/wp-content\/uploads\/2020\/10\/Julia_Castro-2020-180x300.jpg\" \/>\n<meta name=\"twitter:card\" content=\"summary_large_image\" \/>\n<meta name=\"twitter:label1\" content=\"Est. reading time\" \/>\n\t<meta name=\"twitter:data1\" content=\"1 minute\" \/>\n<script type=\"application\/ld+json\" class=\"yoast-schema-graph\">{\"@context\":\"https:\/\/schema.org\",\"@graph\":[{\"@type\":\"WebPage\",\"@id\":\"http:\/\/www.juliacastro.com\/web\/\",\"url\":\"http:\/\/www.juliacastro.com\/web\/\",\"name\":\"Tradu\u00e7\u00e3o idiomas portugu\u00eas ingl\u00eas - Julia Castro - Sao Paulo, Brasil\",\"isPartOf\":{\"@id\":\"http:\/\/www.juliacastro.com\/web\/#website\"},\"primaryImageOfPage\":{\"@id\":\"http:\/\/www.juliacastro.com\/web\/#primaryimage\"},\"image\":{\"@id\":\"http:\/\/www.juliacastro.com\/web\/#primaryimage\"},\"thumbnailUrl\":\"http:\/\/www.juliacastro.com\/web\/wp-content\/uploads\/2020\/10\/Julia_Castro-2020-180x300.jpg\",\"datePublished\":\"2020-10-20T17:55:10+00:00\",\"dateModified\":\"2020-10-20T21:18:00+00:00\",\"description\":\"Servi\u00e7os de tradu\u00e7\u00e3o idiomas portugu\u00eas ingl\u00eas, de documentos nas \u00e1reas: jur\u00eddica, banc\u00e1ria, econ\u00f4mica, t\u00e9cnica e comercial.\",\"breadcrumb\":{\"@id\":\"http:\/\/www.juliacastro.com\/web\/#breadcrumb\"},\"inLanguage\":\"en\",\"potentialAction\":[{\"@type\":\"ReadAction\",\"target\":[\"http:\/\/www.juliacastro.com\/web\/\"]}]},{\"@type\":\"ImageObject\",\"inLanguage\":\"en\",\"@id\":\"http:\/\/www.juliacastro.com\/web\/#primaryimage\",\"url\":\"http:\/\/www.juliacastro.com\/web\/wp-content\/uploads\/2020\/10\/Julia_Castro-2020.jpg\",\"contentUrl\":\"http:\/\/www.juliacastro.com\/web\/wp-content\/uploads\/2020\/10\/Julia_Castro-2020.jpg\",\"width\":401,\"height\":669,\"caption\":\"JULIA CASTRO, TRADUTORA E INT\u00c9RPRETE\"},{\"@type\":\"BreadcrumbList\",\"@id\":\"http:\/\/www.juliacastro.com\/web\/#breadcrumb\",\"itemListElement\":[{\"@type\":\"ListItem\",\"position\":1,\"name\":\"Home\",\"item\":\"http:\/\/www.juliacastro.com\/web\/\"},{\"@type\":\"ListItem\",\"position\":2,\"name\":\"Home\"}]},{\"@type\":\"WebSite\",\"@id\":\"http:\/\/www.juliacastro.com\/web\/#website\",\"url\":\"http:\/\/www.juliacastro.com\/web\/\",\"name\":\"Julia Pacheco de Castro\",\"description\":\"Tradutora e Int&eacute;rprete - Portugu&ecirc;s e Ingl&ecirc;s\",\"publisher\":{\"@id\":\"http:\/\/www.juliacastro.com\/web\/#\/schema\/person\/e1e6644f25bc0f89c74d27f422232263\"},\"potentialAction\":[{\"@type\":\"SearchAction\",\"target\":{\"@type\":\"EntryPoint\",\"urlTemplate\":\"http:\/\/www.juliacastro.com\/web\/?s={search_term_string}\"},\"query-input\":{\"@type\":\"PropertyValueSpecification\",\"valueRequired\":true,\"valueName\":\"search_term_string\"}}],\"inLanguage\":\"en\"},{\"@type\":[\"Person\",\"Organization\"],\"@id\":\"http:\/\/www.juliacastro.com\/web\/#\/schema\/person\/e1e6644f25bc0f89c74d27f422232263\",\"name\":\"admin\",\"image\":{\"@type\":\"ImageObject\",\"inLanguage\":\"en\",\"@id\":\"http:\/\/www.juliacastro.com\/web\/#\/schema\/person\/image\/\",\"url\":\"https:\/\/secure.gravatar.com\/avatar\/2152a91fe403e41c7273a5a7e8df07b0e6a9fc181e39c2c636f41f82067709e6?s=96&d=mm&r=g\",\"contentUrl\":\"https:\/\/secure.gravatar.com\/avatar\/2152a91fe403e41c7273a5a7e8df07b0e6a9fc181e39c2c636f41f82067709e6?s=96&d=mm&r=g\",\"caption\":\"admin\"},\"logo\":{\"@id\":\"http:\/\/www.juliacastro.com\/web\/#\/schema\/person\/image\/\"},\"sameAs\":[\"http:\/\/www.juliacastro.com\/web\"]}]}<\/script>","yoast_head_json":{"title":"Tradu\u00e7\u00e3o idiomas portugu\u00eas ingl\u00eas - Julia Castro - Sao Paulo, Brasil","description":"Servi\u00e7os de tradu\u00e7\u00e3o idiomas portugu\u00eas ingl\u00eas, de documentos nas \u00e1reas: jur\u00eddica, banc\u00e1ria, econ\u00f4mica, t\u00e9cnica e comercial.","robots":{"index":"index","follow":"follow","max-snippet":"max-snippet:-1","max-image-preview":"max-image-preview:large","max-video-preview":"max-video-preview:-1"},"canonical":"http:\/\/www.juliacastro.com\/web\/","og_locale":"en_US","og_type":"article","og_title":"Tradu\u00e7\u00e3o idiomas portugu\u00eas ingl\u00eas - Julia Castro - Sao Paulo, Brasil","og_description":"Servi\u00e7os de tradu\u00e7\u00e3o idiomas portugu\u00eas ingl\u00eas, de documentos nas \u00e1reas: jur\u00eddica, banc\u00e1ria, econ\u00f4mica, t\u00e9cnica e comercial.","og_url":"http:\/\/www.juliacastro.com\/web\/","og_site_name":"Julia Pacheco de Castro","article_modified_time":"2020-10-20T21:18:00+00:00","og_image":[{"url":"http:\/\/www.juliacastro.com\/web\/wp-content\/uploads\/2020\/10\/Julia_Castro-2020-180x300.jpg","type":"","width":"","height":""}],"twitter_card":"summary_large_image","twitter_misc":{"Est. reading time":"1 minute"},"schema":{"@context":"https:\/\/schema.org","@graph":[{"@type":"WebPage","@id":"http:\/\/www.juliacastro.com\/web\/","url":"http:\/\/www.juliacastro.com\/web\/","name":"Tradu\u00e7\u00e3o idiomas portugu\u00eas ingl\u00eas - Julia Castro - Sao Paulo, Brasil","isPartOf":{"@id":"http:\/\/www.juliacastro.com\/web\/#website"},"primaryImageOfPage":{"@id":"http:\/\/www.juliacastro.com\/web\/#primaryimage"},"image":{"@id":"http:\/\/www.juliacastro.com\/web\/#primaryimage"},"thumbnailUrl":"http:\/\/www.juliacastro.com\/web\/wp-content\/uploads\/2020\/10\/Julia_Castro-2020-180x300.jpg","datePublished":"2020-10-20T17:55:10+00:00","dateModified":"2020-10-20T21:18:00+00:00","description":"Servi\u00e7os de tradu\u00e7\u00e3o idiomas portugu\u00eas ingl\u00eas, de documentos nas \u00e1reas: jur\u00eddica, banc\u00e1ria, econ\u00f4mica, t\u00e9cnica e comercial.","breadcrumb":{"@id":"http:\/\/www.juliacastro.com\/web\/#breadcrumb"},"inLanguage":"en","potentialAction":[{"@type":"ReadAction","target":["http:\/\/www.juliacastro.com\/web\/"]}]},{"@type":"ImageObject","inLanguage":"en","@id":"http:\/\/www.juliacastro.com\/web\/#primaryimage","url":"http:\/\/www.juliacastro.com\/web\/wp-content\/uploads\/2020\/10\/Julia_Castro-2020.jpg","contentUrl":"http:\/\/www.juliacastro.com\/web\/wp-content\/uploads\/2020\/10\/Julia_Castro-2020.jpg","width":401,"height":669,"caption":"JULIA CASTRO, TRADUTORA E INT\u00c9RPRETE"},{"@type":"BreadcrumbList","@id":"http:\/\/www.juliacastro.com\/web\/#breadcrumb","itemListElement":[{"@type":"ListItem","position":1,"name":"Home","item":"http:\/\/www.juliacastro.com\/web\/"},{"@type":"ListItem","position":2,"name":"Home"}]},{"@type":"WebSite","@id":"http:\/\/www.juliacastro.com\/web\/#website","url":"http:\/\/www.juliacastro.com\/web\/","name":"Julia Pacheco de Castro","description":"Tradutora e Int&eacute;rprete - Portugu&ecirc;s e Ingl&ecirc;s","publisher":{"@id":"http:\/\/www.juliacastro.com\/web\/#\/schema\/person\/e1e6644f25bc0f89c74d27f422232263"},"potentialAction":[{"@type":"SearchAction","target":{"@type":"EntryPoint","urlTemplate":"http:\/\/www.juliacastro.com\/web\/?s={search_term_string}"},"query-input":{"@type":"PropertyValueSpecification","valueRequired":true,"valueName":"search_term_string"}}],"inLanguage":"en"},{"@type":["Person","Organization"],"@id":"http:\/\/www.juliacastro.com\/web\/#\/schema\/person\/e1e6644f25bc0f89c74d27f422232263","name":"admin","image":{"@type":"ImageObject","inLanguage":"en","@id":"http:\/\/www.juliacastro.com\/web\/#\/schema\/person\/image\/","url":"https:\/\/secure.gravatar.com\/avatar\/2152a91fe403e41c7273a5a7e8df07b0e6a9fc181e39c2c636f41f82067709e6?s=96&d=mm&r=g","contentUrl":"https:\/\/secure.gravatar.com\/avatar\/2152a91fe403e41c7273a5a7e8df07b0e6a9fc181e39c2c636f41f82067709e6?s=96&d=mm&r=g","caption":"admin"},"logo":{"@id":"http:\/\/www.juliacastro.com\/web\/#\/schema\/person\/image\/"},"sameAs":["http:\/\/www.juliacastro.com\/web"]}]}},"_links":{"self":[{"href":"http:\/\/www.juliacastro.com\/web\/wp-json\/wp\/v2\/pages\/9","targetHints":{"allow":["GET"]}}],"collection":[{"href":"http:\/\/www.juliacastro.com\/web\/wp-json\/wp\/v2\/pages"}],"about":[{"href":"http:\/\/www.juliacastro.com\/web\/wp-json\/wp\/v2\/types\/page"}],"author":[{"embeddable":true,"href":"http:\/\/www.juliacastro.com\/web\/wp-json\/wp\/v2\/users\/1"}],"replies":[{"embeddable":true,"href":"http:\/\/www.juliacastro.com\/web\/wp-json\/wp\/v2\/comments?post=9"}],"version-history":[{"count":40,"href":"http:\/\/www.juliacastro.com\/web\/wp-json\/wp\/v2\/pages\/9\/revisions"}],"predecessor-version":[{"id":81,"href":"http:\/\/www.juliacastro.com\/web\/wp-json\/wp\/v2\/pages\/9\/revisions\/81"}],"wp:attachment":[{"href":"http:\/\/www.juliacastro.com\/web\/wp-json\/wp\/v2\/media?parent=9"}],"curies":[{"name":"wp","href":"https:\/\/api.w.org\/{rel}","templated":true}]}}